{"id":55,"date":"2026-02-06T19:13:56","date_gmt":"2026-02-06T19:13:56","guid":{"rendered":"https:\/\/waffleagainstcancer.com\/?page_id=55"},"modified":"2026-02-06T22:12:24","modified_gmt":"2026-02-06T22:12:24","slug":"mentions-legales","status":"publish","type":"page","link":"https:\/\/waffleagainstcancer.com\/?page_id=55","title":{"rendered":"Mentions legales"},"content":{"rendered":"\t\t<div data-elementor-type=\"wp-page\" data-elementor-id=\"55\" class=\"elementor elementor-55\" data-elementor-post-type=\"page\">\n\t\t\t\t<div class=\"elementor-element elementor-element-550b579 e-flex e-con-boxed e-con e-parent\" data-id=\"550b579\" data-element_type=\"container\" data-e-type=\"container\">\n\t\t\t\t\t<div class=\"e-con-inner\">\n\t\t\t\t<div class=\"elementor-element elementor-element-5039adb elementor-widget elementor-widget-text-editor\" data-id=\"5039adb\" data-element_type=\"widget\" data-e-type=\"widget\" data-widget_type=\"text-editor.default\">\n\t\t\t\t\t\t\t\t\t<p><span style=\"caret-color: #000000; color: #000000;\">Conform\u00e9ment aux dispositions des articles 6-III et 19 de la Loi n\u00b02004-575 du 21 juin 2004 pour la Confiance dans l\u2019\u00c9conomie Num\u00e9rique (LCEN), il est port\u00e9 \u00e0 la connaissance des utilisateurs du site\u00a0<\/span><strong style=\"caret-color: #000000; color: #000000;\">Waffle<\/strong><span style=\"caret-color: #000000; color: #000000;\">\u00a0les pr\u00e9sentes mentions l\u00e9gales.<\/span><\/p>\t\t\t\t\t\t\t\t<\/div>\n\t\t\t\t<div class=\"elementor-element elementor-element-d19b0ce elementor-drop-cap-yes elementor-drop-cap-view-default elementor-widget elementor-widget-text-editor\" data-id=\"d19b0ce\" data-element_type=\"widget\" data-e-type=\"widget\" data-settings=\"{&quot;drop_cap&quot;:&quot;yes&quot;}\" data-widget_type=\"text-editor.default\">\n\t\t\t\t\t\t\t\t\t<h2>1. \u00c9diteur du site<\/h2>\n<p><strong>Nom de l\u2019association<\/strong> : Waffle<br><strong>Statut<\/strong> : Association loi 1901<br><strong>Objet<\/strong> : Organisation d\u2019\u00e9v\u00e9nements sportifs et solidaires visant \u00e0 collecter des fonds au profit de la recherche contre le cancer<br><strong>Si\u00e8ge social<\/strong> : 10 rue de Madringhem, 59160 Lille<br><strong>Num\u00e9ro RNA<\/strong> : <em>[\u00e0 compl\u00e9ter]<\/em><br><strong>Adresse e-mail<\/strong> : <a>contact@waffleagainstcancer.com<\/a><\/p>\n<p>Le site est \u00e9dit\u00e9 par l\u2019association Waffle, repr\u00e9sent\u00e9e par son\/sa pr\u00e9sident(e) en exercice.<\/p>\n<div style=\"caret-color: #000000; color: #000000;\">\n<hr>\n<\/div>\n<h2 style=\"caret-color: #000000; color: #000000;\">2. Directeur de la publication<\/h2>\n<p style=\"caret-color: #000000; color: #000000;\"><strong>Directeur de la publication<\/strong>&nbsp;: <i>Moulin F\u00e9lix<\/i><br>En qualit\u00e9 de repr\u00e9sentant l\u00e9gal de l\u2019association Waffle.<\/p>\n<div style=\"caret-color: #000000; color: #000000;\">\n<hr>\n<\/div>\n<h2 style=\"caret-color: #000000; color: #000000;\">3. H\u00e9bergement<\/h2>\n<p style=\"caret-color: #000000; color: #000000;\"><strong>H\u00e9bergeur<\/strong>&nbsp;: Hostinger<br><strong>Site web<\/strong>&nbsp;:&nbsp;<a>https:\/\/www.hostinger.fr<\/a><\/p>\n<div style=\"caret-color: #000000; color: #000000;\">\n<hr>\n<\/div>\n<h2 style=\"caret-color: #000000; color: #000000;\">4. Acc\u00e8s au site<\/h2>\n<p style=\"caret-color: #000000; color: #000000;\">Le site est accessible gratuitement \u00e0 tout utilisateur disposant d\u2019un acc\u00e8s \u00e0 Internet. Tous les frais support\u00e9s par l\u2019utilisateur pour acc\u00e9der au service (mat\u00e9riel informatique, logiciels, connexion Internet, etc.) sont \u00e0 sa charge.<\/p>\n<p style=\"caret-color: #000000; color: #000000;\">L\u2019association Waffle s\u2019efforce d\u2019assurer l\u2019exactitude et la mise \u00e0 jour des informations diffus\u00e9es sur le site, mais ne saurait garantir l\u2019exactitude, la compl\u00e9tude ou l\u2019actualit\u00e9 des informations mises \u00e0 disposition.<\/p>\n<div style=\"caret-color: #000000; color: #000000;\">\n<hr>\n<\/div>\n<h2 style=\"caret-color: #000000; color: #000000;\">5. Propri\u00e9t\u00e9 intellectuelle<\/h2>\n<p style=\"caret-color: #000000; color: #000000;\">L\u2019ensemble des contenus pr\u00e9sents sur le site Waffle (textes, images, graphismes, logos, vid\u00e9os, ic\u00f4nes, sons, etc.) sont la propri\u00e9t\u00e9 exclusive de l\u2019association Waffle, sauf mentions contraires.<\/p>\n<p style=\"caret-color: #000000; color: #000000;\">Toute reproduction, repr\u00e9sentation, modification, publication, adaptation de tout ou partie des \u00e9l\u00e9ments du site, quel que soit le moyen ou le proc\u00e9d\u00e9 utilis\u00e9, est interdite sans l\u2019autorisation \u00e9crite pr\u00e9alable de l\u2019association Waffle.<\/p>\n<p style=\"caret-color: #000000; color: #000000;\">Toute exploitation non autoris\u00e9e du site ou de l\u2019un quelconque des \u00e9l\u00e9ments qu\u2019il contient pourra \u00eatre consid\u00e9r\u00e9e comme constitutive d\u2019une contrefa\u00e7on et poursuivie conform\u00e9ment aux dispositions des articles L.335-2 et suivants du Code de la propri\u00e9t\u00e9 intellectuelle.<\/p>\n<div style=\"caret-color: #000000; color: #000000;\">\n<hr>\n<\/div>\n<h2 style=\"caret-color: #000000; color: #000000;\">6. Responsabilit\u00e9<\/h2>\n<p style=\"caret-color: #000000; color: #000000;\">L\u2019association Waffle ne pourra \u00eatre tenue responsable des dommages directs et indirects caus\u00e9s au mat\u00e9riel de l\u2019utilisateur lors de l\u2019acc\u00e8s au site, et r\u00e9sultant soit de l\u2019utilisation d\u2019un mat\u00e9riel ne r\u00e9pondant pas aux sp\u00e9cifications indiqu\u00e9es, soit de l\u2019apparition d\u2019un bug ou d\u2019une incompatibilit\u00e9.<\/p>\n<p style=\"caret-color: #000000; color: #000000;\">L\u2019association Waffle d\u00e9cline \u00e9galement toute responsabilit\u00e9 quant \u00e0 l\u2019utilisation qui pourrait \u00eatre faite des informations et contenus pr\u00e9sents sur le site.<\/p>\n<div style=\"caret-color: #000000; color: #000000;\">\n<hr>\n<\/div>\n<h2 style=\"caret-color: #000000; color: #000000;\">7. Liens hypertextes<\/h2>\n<p style=\"caret-color: #000000; color: #000000;\">Le site Waffle peut contenir des liens hypertextes vers d\u2019autres sites. L\u2019association Waffle n\u2019exerce aucun contr\u00f4le sur ces sites et ne saurait \u00eatre tenue responsable de leur contenu.<\/p>\n<div style=\"caret-color: #000000; color: #000000;\">\n<hr>\n<\/div>\n<h2 style=\"caret-color: #000000; color: #000000;\">8. Protection des donn\u00e9es personnelles<\/h2>\n<p style=\"caret-color: #000000; color: #000000;\">Les informations \u00e9ventuellement recueillies sur le site Waffle (formulaire de contact, inscription \u00e0 une newsletter, dons, etc.) sont destin\u00e9es exclusivement \u00e0 l\u2019association Waffle et ne sont en aucun cas c\u00e9d\u00e9es \u00e0 des tiers.<\/p>\n<p style=\"caret-color: #000000; color: #000000;\">Conform\u00e9ment au R\u00e8glement G\u00e9n\u00e9ral sur la Protection des Donn\u00e9es (RGPD) et \u00e0 la loi \u00ab Informatique et Libert\u00e9s \u00bb, vous disposez d\u2019un droit d\u2019acc\u00e8s, de rectification, de suppression et d\u2019opposition aux donn\u00e9es personnelles vous concernant.<\/p>\n<p style=\"caret-color: #000000; color: #000000;\">Pour exercer ces droits, vous pouvez adresser votre demande par e-mail \u00e0 :&nbsp;<em>[adresse e-mail de contact]<\/em>.<\/p>\n<div style=\"caret-color: #000000; color: #000000;\">\n<hr>\n<\/div>\n<h2 style=\"caret-color: #000000; color: #000000;\">9. Cookies<\/h2>\n<p style=\"caret-color: #000000; color: #000000;\">Le site Waffle peut \u00eatre amen\u00e9 \u00e0 utiliser des cookies \u00e0 des fins de mesure d\u2019audience ou de fonctionnement. L\u2019utilisateur peut configurer son navigateur pour refuser tout ou partie des cookies.<\/p>\n<div style=\"caret-color: #000000; color: #000000;\">\n<hr>\n<\/div>\n<h2 style=\"caret-color: #000000; color: #000000;\">10. Droit applicable<\/h2>\n<p style=\"caret-color: #000000; color: #000000;\">Les pr\u00e9sentes mentions l\u00e9gales sont r\u00e9gies par le droit fran\u00e7ais. En cas de litige, et \u00e0 d\u00e9faut de r\u00e9solution amiable, les tribunaux fran\u00e7ais seront seuls comp\u00e9tents.<\/p>\n<div style=\"caret-color: #000000; color: #000000;\">\n<hr>\n<\/div>\n<p style=\"caret-color: #000000; color: #000000;\">Derni\u00e8re mise \u00e0 jour : 6 f\u00e9vrier 2026<\/p>\t\t\t\t\t\t\t\t<\/div>\n\t\t\t\t\t<\/div>\n\t\t\t\t<\/div>\n\t\t\t\t<\/div>\n\t\t","protected":false},"excerpt":{"rendered":"<p>Conform\u00e9ment aux dispositions des articles 6-III et 19 de la Loi n\u00b02004-575 du 21 juin 2004 pour la Confiance dans l\u2019\u00c9conomie Num\u00e9rique (LCEN), il est port\u00e9 \u00e0 la connaissance des utilisateurs du site\u00a0Waffle\u00a0les pr\u00e9sentes mentions l\u00e9gales. 1. \u00c9diteur du site Nom de l\u2019association : WaffleStatut : Association loi 1901Objet : Organisation d\u2019\u00e9v\u00e9nements sportifs et solidaires [&hellip;]<\/p>\n","protected":false},"author":1,"featured_media":0,"parent":0,"menu_order":0,"comment_status":"closed","ping_status":"closed","template":"","meta":{"footnotes":""},"class_list":["post-55","page","type-page","status-publish","hentry"],"_hostinger_reach_plugin_has_subscription_block":false,"_hostinger_reach_plugin_is_elementor":false,"jetpack_sharing_enabled":true,"_links":{"self":[{"href":"https:\/\/waffleagainstcancer.com\/index.php?rest_route=\/wp\/v2\/pages\/55","targetHints":{"allow":["GET"]}}],"collection":[{"href":"https:\/\/waffleagainstcancer.com\/index.php?rest_route=\/wp\/v2\/pages"}],"about":[{"href":"https:\/\/waffleagainstcancer.com\/index.php?rest_route=\/wp\/v2\/types\/page"}],"author":[{"embeddable":true,"href":"https:\/\/waffleagainstcancer.com\/index.php?rest_route=\/wp\/v2\/users\/1"}],"replies":[{"embeddable":true,"href":"https:\/\/waffleagainstcancer.com\/index.php?rest_route=%2Fwp%2Fv2%2Fcomments&post=55"}],"version-history":[{"count":4,"href":"https:\/\/waffleagainstcancer.com\/index.php?rest_route=\/wp\/v2\/pages\/55\/revisions"}],"predecessor-version":[{"id":150,"href":"https:\/\/waffleagainstcancer.com\/index.php?rest_route=\/wp\/v2\/pages\/55\/revisions\/150"}],"wp:attachment":[{"href":"https:\/\/waffleagainstcancer.com\/index.php?rest_route=%2Fwp%2Fv2%2Fmedia&parent=55"}],"curies":[{"name":"wp","href":"https:\/\/api.w.org\/{rel}","templated":true}]}}